{"id":13,"date":"2021-11-06T10:20:11","date_gmt":"2021-11-06T10:20:11","guid":{"rendered":"http:\/\/www.yoboglu.com\/?page_id=13"},"modified":"2021-11-15T10:21:55","modified_gmt":"2021-11-15T10:21:55","slug":"hakkimizda","status":"publish","type":"page","link":"https:\/\/www.yoboglu.com\/index.php\/hakkimizda\/","title":{"rendered":"Hakk\u0131m\u0131zda"},"content":{"rendered":"\n<p><\/p>\n\n\n\n<figure class=\"wp-block-image size-full\"><img loading=\"lazy\" width=\"512\" height=\"136\" src=\"http:\/\/www.yoboglu.com\/wp-content\/uploads\/2021\/11\/HAKKIMIZDA.jpg\" alt=\"\" class=\"wp-image-171\" srcset=\"https:\/\/www.yoboglu.com\/wp-content\/uploads\/2021\/11\/HAKKIMIZDA.jpg 512w, https:\/\/www.yoboglu.com\/wp-content\/uploads\/2021\/11\/HAKKIMIZDA-300x80.jpg 300w\" sizes=\"(max-width: 512px) 100vw, 512px\" \/><\/figure>\n\n\n\n<p><strong>HAKKIMIZDA<\/strong><\/p>\n\n\n\n<p>Y\u00f6netim dan\u0131\u015fmanl\u0131\u011f\u0131, kurulu\u015flar\u0131n performanslar\u0131n\u0131 iyile\u015ftirmelerine yard\u0131mc\u0131 olma uygulamas\u0131. Kurulu\u015flar, d\u0131\u015far\u0131dan tavsiye alma ve dan\u0131\u015fmanlar\u0131n uzmanl\u0131k uzmanl\u0131\u011f\u0131na eri\u015fim d\u00e2hil olmak \u00fczere \u00e7e\u015fitli nedenlerle y\u00f6netim dan\u0131\u015fmanlar\u0131n\u0131n hizmetlerinden yararlanabilmek \u015feklinde tan\u0131mlanmaktad\u0131r. &nbsp;(Vikipedi)<\/p>\n\n\n\n<p>Dijital d\u00f6n\u00fc\u015f\u00fcm, toplumsal ve sekt\u00f6rel ihtiya\u00e7lara dijital teknolojilerin entegrasyonuyla \u00e7\u00f6z\u00fcm bulman\u0131n ve buna ba\u011fl\u0131 olarak i\u015f ak\u0131\u015flar\u0131n\u0131n ve k\u00fclt\u00fcr\u00fcn geli\u015fmesi ve de\u011fi\u015fmesi s\u00fcrecini tan\u0131mlayan bir kavram olarak kar\u015f\u0131m\u0131za \u00e7\u0131kmaktadir. (Vikipedi)<\/p>\n\n\n\n<p>Yobo\u011flu Software &amp; Consulting, bu perspektif ve gereklilikten yola \u00e7\u0131karak y\u00f6netim dan\u0131\u015fmanl\u0131\u011f\u0131 alan\u0131ndaki bilgi birikimini grup firmas\u0131 olan West Yaz\u0131l\u0131m (H2C Consulting) ile birle\u015ftirerek \u201cButterfly Platform\u201d yaz\u0131l\u0131m\u0131n\u0131 ortaya \u00e7\u0131karm\u0131\u015ft\u0131r.<\/p>\n\n\n\n<p id=\"hakkimizda\">Stratejik planlan\u0131n olu\u015fturulmas\u0131, kurumsal karne (balanced scorecard) haz\u0131rlanmas\u0131, performas y\u00f6netim sisteminin olu\u015fturulmas\u0131, organizasyon mimarisinin olu\u015fturulmas\u0131, yetkinliklerin belirlenmesi ve y\u00f6netimi, kariyer ve yedekleme sisteminin olu\u015fturulmas\u0131 gibi alanlarda y\u00f6netim dan\u0131\u015fmanl\u0131\u011f\u0131 hizmeti veren firmam\u0131z buradaki bilgi birikimini ortak bir \u00e7al\u0131\u015fma grubu ile yakla\u015f\u0131k 2 y\u0131l s\u00fcren bir \u00e7al\u0131\u015fman\u0131n sonunda &#8220;Butterfly Platform&#8221; \u00fcr\u00fcn\u00fcnde ta\u00e7land\u0131rm\u0131\u015ft\u0131r.<\/p>\n\n\n\n<p>\u201cButterfly Platform\u201d alt\u0131nda bulunan Stratejik Planlama, Kurumsal Karne, Performans Y\u00f6netimi, \u0130nsan Kaynaklar\u0131 Y\u00f6netimi, Dok\u00fcman Y\u00f6netimi, &nbsp;Kalite Y\u00f6netimi, Proje Y\u00f6netimi, Toplant\u0131 ve Aksiyon Y\u00f6netimi mod\u00fclleri tamamen kurumsal firmalar\u0131n ihtiya\u00e7lar\u0131 analiz edilerek en iyi y\u00f6netim modeline g\u00f6re olu\u015fturulmu\u015f ve uzun s\u00fcren saha testleri sonucunda kullan\u0131c\u0131lar\u0131ndan tam puan alarak lansman\u0131 yap\u0131lm\u0131\u015ft\u0131r.<\/p>\n\n\n\n<p>Yobo\u011flu Software &amp; Consulting ve West Yaz\u0131l\u0131m (H2C Consulting) her ikisi grup firmas\u0131 olmakla beraber Butterfly Platform\u201d yaz\u0131l\u0131m\u0131 \u00fczerinde ortak lisans hakk\u0131na sahiptirler.<\/p>\n\n\n\n<p><strong>Misyonumuz (Ni\u00e7in Var\u0131z)<\/strong><\/p>\n\n\n\n<p>Yoboglu markam\u0131z\u0131 kullanmak suretiyle &#8220;T\u00fcrk \u00dcr\u00fcn\u00fc&#8221; imaj\u0131n\u0131 \u00f6n planda tutarak y\u00f6netim dan\u0131\u015fmanl\u0131\u011f\u0131ndaki birikimimizi dijital \u00e7\u00f6z\u00fcmler ile birle\u015ftirmek suretiyle m\u00fc\u015fterilerimize en etkin dijital d\u00f6n\u00fc\u015f\u00fcm dan\u0131\u015fmanl\u0131\u011f\u0131 hizmeti vermek i\u00e7in var\u0131z.<\/p>\n\n\n\n<p><strong>Vizyonumuz (Nereye Gitmek \u0130stiyoruz)<\/strong><\/p>\n\n\n\n<p>Y\u00f6netim dan\u0131\u015fmanl\u0131\u011f\u0131ndaki birikimimizi dijital \u00e7\u00f6z\u00fcmler ile birle\u015ftirmek suretiyle T\u00fcrkiye ba\u015fta olmak \u00fczere hedefledi\u011fimiz t\u00fcm pazarlarda marka de\u011feri y\u00fcksek ve y\u00fczde y\u00fcz m\u00fc\u015fteri memnuniyeti sa\u011flayan bir firma olmak istiyoruz.<\/p>\n\n\n\n<figure class=\"wp-block-image size-large\"><img loading=\"lazy\" width=\"1024\" height=\"306\" src=\"https:\/\/www.yoboglu.com\/wp-content\/uploads\/2021\/11\/Yoboglu-saydam--1024x306.png\" alt=\"\" class=\"wp-image-131\" srcset=\"https:\/\/www.yoboglu.com\/wp-content\/uploads\/2021\/11\/Yoboglu-saydam--1024x306.png 1024w, https:\/\/www.yoboglu.com\/wp-content\/uploads\/2021\/11\/Yoboglu-saydam--300x90.png 300w, https:\/\/www.yoboglu.com\/wp-content\/uploads\/2021\/11\/Yoboglu-saydam--768x229.png 768w, https:\/\/www.yoboglu.com\/wp-content\/uploads\/2021\/11\/Yoboglu-saydam--1536x458.png 1536w, https:\/\/www.yoboglu.com\/wp-content\/uploads\/2021\/11\/Yoboglu-saydam-.png 2000w\" sizes=\"(max-width: 1024px) 100vw, 1024px\" \/><\/figure>\n","protected":false},"excerpt":{"rendered":"<p class=\"qua-blog-post-description\">HAKKIMIZDA Y\u00f6netim dan\u0131\u015fmanl\u0131\u011f\u0131, kurulu\u015flar\u0131n performanslar\u0131n\u0131 iyile\u015ftirmelerine yard\u0131mc\u0131 olma uygulamas\u0131. Kurulu\u015flar, d\u0131\u015far\u0131dan tavsiye alma ve dan\u0131\u015fmanlar\u0131n uzmanl\u0131k uzmanl\u0131\u011f\u0131na eri\u015fim d\u00e2hil olmak \u00fczere \u00e7e\u015fitli nedenlerle y\u00f6netim dan\u0131\u015fmanlar\u0131n\u0131n hizmetlerinden yararlanabilmek \u015feklinde tan\u0131mlanmaktad\u0131r. &nbsp;(Vikipedi) Dijital d\u00f6n\u00fc\u015f\u00fcm, toplumsal ve sekt\u00f6rel ihtiya\u00e7lara dijital teknolojilerin entegrasyonuyla \u00e7\u00f6z\u00fcm bulman\u0131n ve buna ba\u011fl\u0131 olarak i\u015f ak\u0131\u015flar\u0131n\u0131n ve k\u00fclt\u00fcr\u00fcn geli\u015fmesi ve de\u011fi\u015fmesi s\u00fcrecini tan\u0131mlayan bir<\/p>\n<p class=\"qua-blog-post-description\"><a href=\"https:\/\/www.yoboglu.com\/index.php\/hakkimizda\/#more-13\" class=\"more-link\">Daha fazlas\u0131n\u0131 oku<\/a><\/p>\n","protected":false},"author":1,"featured_media":68,"parent":0,"menu_order":0,"comment_status":"closed","ping_status":"closed","template":"quality-page-builder-default.php","meta":[],"_links":{"self":[{"href":"https:\/\/www.yoboglu.com\/index.php\/wp-json\/wp\/v2\/pages\/13"}],"collection":[{"href":"https:\/\/www.yoboglu.com\/index.php\/wp-json\/wp\/v2\/pages"}],"about":[{"href":"https:\/\/www.yoboglu.com\/index.php\/wp-json\/wp\/v2\/types\/page"}],"author":[{"embeddable":true,"href":"https:\/\/www.yoboglu.com\/index.php\/wp-json\/wp\/v2\/users\/1"}],"replies":[{"embeddable":true,"href":"https:\/\/www.yoboglu.com\/index.php\/wp-json\/wp\/v2\/comments?post=13"}],"version-history":[{"count":11,"href":"https:\/\/www.yoboglu.com\/index.php\/wp-json\/wp\/v2\/pages\/13\/revisions"}],"predecessor-version":[{"id":215,"href":"https:\/\/www.yoboglu.com\/index.php\/wp-json\/wp\/v2\/pages\/13\/revisions\/215"}],"wp:featuredmedia":[{"embeddable":true,"href":"https:\/\/www.yoboglu.com\/index.php\/wp-json\/wp\/v2\/media\/68"}],"wp:attachment":[{"href":"https:\/\/www.yoboglu.com\/index.php\/wp-json\/wp\/v2\/media?parent=13"}],"curies":[{"name":"wp","href":"https:\/\/api.w.org\/{rel}","templated":true}]}}