{"id":159,"date":"2021-11-07T17:29:21","date_gmt":"2021-11-07T17:29:21","guid":{"rendered":"http:\/\/www.yoboglu.com\/?page_id=159"},"modified":"2021-11-07T20:15:59","modified_gmt":"2021-11-07T20:15:59","slug":"yonetim-danismanligi-hizmetlerimiz","status":"publish","type":"page","link":"https:\/\/www.yoboglu.com\/index.php\/yonetim-danismanligi-hizmetlerimiz\/","title":{"rendered":"Y\u00f6netim Dan\u0131\u015fmanl\u0131\u011f\u0131 Hizmetlerimiz"},"content":{"rendered":"\n<p><\/p>\n\n\n\n<figure class=\"wp-block-image size-large\"><img loading=\"lazy\" width=\"1024\" height=\"341\" src=\"http:\/\/www.yoboglu.com\/wp-content\/uploads\/2021\/11\/Yonet-1024x341.jpg\" alt=\"\" class=\"wp-image-201\" srcset=\"https:\/\/www.yoboglu.com\/wp-content\/uploads\/2021\/11\/Yonet-1024x341.jpg 1024w, https:\/\/www.yoboglu.com\/wp-content\/uploads\/2021\/11\/Yonet-300x100.jpg 300w, https:\/\/www.yoboglu.com\/wp-content\/uploads\/2021\/11\/Yonet-768x256.jpg 768w, https:\/\/www.yoboglu.com\/wp-content\/uploads\/2021\/11\/Yonet.jpg 1300w\" sizes=\"(max-width: 1024px) 100vw, 1024px\" \/><\/figure>\n\n\n\n<p>Kurumsalla\u015fma, \u015firketlerin ki\u015filere az ba\u011f\u0131ml\u0131 \u015fekilde nesiller boyu geli\u015ferek ya\u015famas\u0131 i\u00e7in i\u015f yap\u0131\u015f tarz\u0131 ve faaliyetlere y\u00f6nelik kurallar\u0131n belirlenmesi, s\u00fcrekli iyile\u015ftirilmesi, i\u00e7selle\u015fmesi ve bunlar\u0131n t\u00fcm ilgililerce bilinerek uygulanmas\u0131d\u0131r.<br>Birbiri ile yak\u0131n ili\u015fkili olan bu faaliyetler ana hatlar\u0131 ile a\u015fa\u011f\u0131da tan\u0131mlanan konular\u0131n\u0131 kapsar.<br>Yoboglu Consulting, Kurumsalla\u015fma Yol Haritas\u0131 haz\u0131rl\u0131k s\u00fcrecinde a\u015fa\u011f\u0131daki alanlarda dan\u0131\u015fmanl\u0131k yaparak \u015firketinizin sa\u011flam temeller \u00fczerinde yap\u0131lanmas\u0131n\u0131 ve kurumsalla\u015fmas\u0131n\u0131 garanti eder. <\/p>\n\n\n\n<p><strong>Odakland\u0131\u011f\u0131m\u0131z Alanlar<\/strong><br>1. Stratejik Plan<br>2. Y\u00f6neti\u015fim Etkinli\u011fi<br>3. \u0130\u015f Plan\u0131, B\u00fct\u00e7e ve Hedefler<br>4. Temel Proseslerde M\u00fckemmellik<br>5. \u0130nsan Kayna\u011f\u0131n\u0131n Y\u00f6netimi<br>6. Entellekt\u00fcel Sermayenin \u015eirkette I\u00e7selle\u015fmesi<br>7. Y\u00f6netim Enformasyon (Raporlama) Sisteminin (MIS) Geli\u015ftirilmesi<\/p>\n\n\n\n<p><strong>Y\u00f6netim Dan\u0131\u015fmanl\u0131\u011f\u0131 Hizmetlerimiz<\/strong><\/p>\n\n\n<div id=\"pl-gb159-69e4ac9a3a099\"  class=\"panel-layout\" ><div id=\"pg-gb159-69e4ac9a3a099-0\"  class=\"panel-grid panel-no-style\" ><div id=\"pgc-gb159-69e4ac9a3a099-0-0\"  class=\"panel-grid-cell\" ><div id=\"panel-gb159-69e4ac9a3a099-0-0-0\" class=\"so-panel widget widget_media_image panel-first-child\" data-index=\"0\" ><h3 class=\"widget-title\">Stratejik \u0130nsan Kaynaklar\u0131 Y\u00f6netimi Dan\u0131\u015fmanl\u0131\u011f\u0131<\/h3><a href=\"http:\/\/www.yoboglu.com\/index.php\/yonetim-danismanligi-hizmetlerimiz\/stratejik-insan-kaynaklari-yonetimi\/\"><img width=\"150\" height=\"150\" src=\"https:\/\/www.yoboglu.com\/wp-content\/uploads\/2021\/11\/222-e1636316267821-150x150.png\" class=\"image wp-image-111  attachment-thumbnail size-thumbnail\" alt=\"\" loading=\"lazy\" style=\"max-width: 100%; height: auto;\" title=\"Stratejik \u0130nsan Kaynaklar\u0131 Y\u00f6netimi Dan\u0131\u015fmanl\u0131\u011f\u0131\" \/><\/a><\/div><div id=\"panel-gb159-69e4ac9a3a099-0-0-1\" class=\"so-panel widget widget_media_image\" data-index=\"1\" ><h3 class=\"widget-title\">Stratejik Planlama Dan\u0131\u015fmanl\u0131\u011f\u0131<\/h3><a href=\"http:\/\/www.yoboglu.com\/index.php\/yonetim-danismanligi-hizmetlerimiz\/stratejik-planlama-danismanligi\/\"><img width=\"150\" height=\"150\" src=\"https:\/\/www.yoboglu.com\/wp-content\/uploads\/2021\/11\/Stratejik-Planlama-1-1-150x150.jpg\" class=\"image wp-image-142  attachment-thumbnail size-thumbnail\" alt=\"\" loading=\"lazy\" style=\"max-width: 100%; height: auto;\" title=\"Stratejik Planlama Dan\u0131\u015fmanl\u0131\u011f\u0131\" \/><\/a><\/div><div id=\"panel-gb159-69e4ac9a3a099-0-0-2\" class=\"so-panel widget widget_media_image\" data-index=\"2\" ><h3 class=\"widget-title\">Kurumsal Karne ( Balanced Scorecard ) Dan\u0131\u015fmanl\u0131\u011f\u0131<\/h3><img width=\"150\" height=\"150\" src=\"https:\/\/www.yoboglu.com\/wp-content\/uploads\/2021\/11\/Balanced-Scorecards-e1636316425965-150x150.png\" class=\"image wp-image-147  attachment-thumbnail size-thumbnail\" alt=\"\" loading=\"lazy\" style=\"max-width: 100%; height: auto;\" title=\"Stratejik Planlama Dan\u0131\u015fmanl\u0131\u011f\u0131\" \/><\/div><div id=\"panel-gb159-69e4ac9a3a099-0-0-3\" class=\"so-panel widget widget_media_image\" data-index=\"3\" ><h3 class=\"widget-title\">Dijital D\u00f6n\u00fc\u015f\u00fcm Dan\u0131\u015fmanl\u0131\u011f\u0131<\/h3><a href=\"http:\/\/www.yoboglu.com\/index.php\/yonetim-danismanligi-hizmetlerimiz\/digitallesme\/\"><img width=\"150\" height=\"150\" src=\"https:\/\/www.yoboglu.com\/wp-content\/uploads\/2021\/11\/2223-e1636316893217-150x150.png\" class=\"image wp-image-110  attachment-thumbnail size-thumbnail\" alt=\"\" loading=\"lazy\" style=\"max-width: 100%; height: auto;\" title=\"Stratejik Planlama Dan\u0131\u015fmanl\u0131\u011f\u0131\" \/><\/a><\/div><div id=\"panel-gb159-69e4ac9a3a099-0-0-4\" class=\"so-panel widget widget_media_image panel-last-child\" data-index=\"4\" ><h3 class=\"widget-title\">\u0130\u00e7 Denetim Dan\u0131\u015fmanl\u0131\u011f\u0131<\/h3><a href=\"http:\/\/www.yoboglu.com\/index.php\/yonetim-danismanligi-hizmetlerimiz\/ic-denetim-danismanligi\/\"><img width=\"150\" height=\"150\" src=\"https:\/\/www.yoboglu.com\/wp-content\/uploads\/2021\/11\/2222-e1636314041847-150x150.png\" class=\"image wp-image-109  attachment-thumbnail size-thumbnail\" alt=\"\" loading=\"lazy\" style=\"max-width: 100%; height: auto;\" title=\"Stratejik Planlama Dan\u0131\u015fmanl\u0131\u011f\u0131\" \/><\/a><\/div><\/div><\/div><\/div>","protected":false},"excerpt":{"rendered":"<p class=\"qua-blog-post-description\">Kurumsalla\u015fma, \u015firketlerin ki\u015filere az ba\u011f\u0131ml\u0131 \u015fekilde nesiller boyu geli\u015ferek ya\u015famas\u0131 i\u00e7in i\u015f yap\u0131\u015f tarz\u0131 ve faaliyetlere y\u00f6nelik kurallar\u0131n belirlenmesi, s\u00fcrekli iyile\u015ftirilmesi, i\u00e7selle\u015fmesi ve bunlar\u0131n t\u00fcm ilgililerce bilinerek uygulanmas\u0131d\u0131r.Birbiri ile yak\u0131n ili\u015fkili olan bu faaliyetler ana hatlar\u0131 ile a\u015fa\u011f\u0131da tan\u0131mlanan konular\u0131n\u0131 kapsar.Yoboglu Consulting, Kurumsalla\u015fma Yol Haritas\u0131 haz\u0131rl\u0131k s\u00fcrecinde a\u015fa\u011f\u0131daki alanlarda dan\u0131\u015fmanl\u0131k yaparak \u015firketinizin sa\u011flam temeller \u00fczerinde<\/p>\n<p class=\"qua-blog-post-description\"><a href=\"https:\/\/www.yoboglu.com\/index.php\/yonetim-danismanligi-hizmetlerimiz\/#more-159\" class=\"more-link\">Daha fazlas\u0131n\u0131 oku<\/a><\/p>\n","protected":false},"author":1,"featured_media":201,"parent":0,"menu_order":0,"comment_status":"closed","ping_status":"closed","template":"quality-page-builder-default.php","meta":[],"_links":{"self":[{"href":"https:\/\/www.yoboglu.com\/index.php\/wp-json\/wp\/v2\/pages\/159"}],"collection":[{"href":"https:\/\/www.yoboglu.com\/index.php\/wp-json\/wp\/v2\/pages"}],"about":[{"href":"https:\/\/www.yoboglu.com\/index.php\/wp-json\/wp\/v2\/types\/page"}],"author":[{"embeddable":true,"href":"https:\/\/www.yoboglu.com\/index.php\/wp-json\/wp\/v2\/users\/1"}],"replies":[{"embeddable":true,"href":"https:\/\/www.yoboglu.com\/index.php\/wp-json\/wp\/v2\/comments?post=159"}],"version-history":[{"count":6,"href":"https:\/\/www.yoboglu.com\/index.php\/wp-json\/wp\/v2\/pages\/159\/revisions"}],"predecessor-version":[{"id":203,"href":"https:\/\/www.yoboglu.com\/index.php\/wp-json\/wp\/v2\/pages\/159\/revisions\/203"}],"wp:featuredmedia":[{"embeddable":true,"href":"https:\/\/www.yoboglu.com\/index.php\/wp-json\/wp\/v2\/media\/201"}],"wp:attachment":[{"href":"https:\/\/www.yoboglu.com\/index.php\/wp-json\/wp\/v2\/media?parent=159"}],"curies":[{"name":"wp","href":"https:\/\/api.w.org\/{rel}","templated":true}]}}