{"id":185,"date":"2021-11-07T19:40:59","date_gmt":"2021-11-07T19:40:59","guid":{"rendered":"http:\/\/www.yoboglu.com\/?page_id=185"},"modified":"2021-11-07T20:27:02","modified_gmt":"2021-11-07T20:27:02","slug":"ic-denetim-danismanligi","status":"publish","type":"page","link":"https:\/\/www.yoboglu.com\/index.php\/yonetim-danismanligi-hizmetlerimiz\/ic-denetim-danismanligi\/","title":{"rendered":"\u0130\u00e7 Denetim Dan\u0131\u015fmanl\u0131\u011f\u0131"},"content":{"rendered":"\n<figure class=\"wp-block-gallery columns-1 is-cropped\"><ul class=\"blocks-gallery-grid\"><li class=\"blocks-gallery-item\"><figure><img loading=\"lazy\" width=\"1024\" height=\"307\" src=\"http:\/\/www.yoboglu.com\/wp-content\/uploads\/2021\/11\/2222-1-e1636316746447-1024x307.png\" alt=\"\" data-id=\"209\" data-full-url=\"http:\/\/www.yoboglu.com\/wp-content\/uploads\/2021\/11\/2222-1-e1636316746447.png\" data-link=\"http:\/\/www.yoboglu.com\/index.php\/yonetim-danismanligi-hizmetlerimiz\/ic-denetim-danismanligi\/2222-2\/\" class=\"wp-image-209\" srcset=\"https:\/\/www.yoboglu.com\/wp-content\/uploads\/2021\/11\/2222-1-e1636316746447-1024x307.png 1024w, https:\/\/www.yoboglu.com\/wp-content\/uploads\/2021\/11\/2222-1-e1636316746447-300x90.png 300w, https:\/\/www.yoboglu.com\/wp-content\/uploads\/2021\/11\/2222-1-e1636316746447-768x230.png 768w, https:\/\/www.yoboglu.com\/wp-content\/uploads\/2021\/11\/2222-1-e1636316746447.png 1280w\" sizes=\"(max-width: 1024px) 100vw, 1024px\" \/><\/figure><\/li><\/ul><\/figure>\n\n\n\n<h3>\u0130\u00e7 Denetim Dan\u0131\u015fmanl\u0131\u011f\u0131<\/h3>\n\n\n\n<p>Uluslararas\u0131 i\u00e7 denetim standartlar\u0131na g\u00f6re i\u015fletmenizin risk y\u00f6netimi, kontrol ve y\u00f6neti\u015fim s\u00fcre\u00e7lerinin verimlili\u011fini de\u011ferlendirerek i\u015f s\u00fcre\u00e7erinize disiplinli ve sistematik bir yakla\u015f\u0131m getirip kurumunuzun hedef ve ama\u00e7lar\u0131na ula\u015fmas\u0131na yard\u0131mc\u0131 oluyoruz.<\/p>\n\n\n\n<p>L\u00fctfen detayl\u0131 bilgi ve kurumunuza \u00f6zel olu\u015fturaca\u011f\u0131m\u0131z i\u00e7 denetim planlamas\u0131 i\u00e7in ileti\u015fime ge\u00e7iniz.<\/p>\n","protected":false},"excerpt":{"rendered":"<p class=\"qua-blog-post-description\">\u0130\u00e7 Denetim Dan\u0131\u015fmanl\u0131\u011f\u0131 Uluslararas\u0131 i\u00e7 denetim standartlar\u0131na g\u00f6re i\u015fletmenizin risk y\u00f6netimi, kontrol ve y\u00f6neti\u015fim s\u00fcre\u00e7lerinin verimlili\u011fini de\u011ferlendirerek i\u015f s\u00fcre\u00e7erinize disiplinli ve sistematik bir yakla\u015f\u0131m getirip kurumunuzun hedef ve ama\u00e7lar\u0131na ula\u015fmas\u0131na yard\u0131mc\u0131 oluyoruz. L\u00fctfen detayl\u0131 bilgi ve kurumunuza \u00f6zel olu\u015fturaca\u011f\u0131m\u0131z i\u00e7 denetim planlamas\u0131 i\u00e7in ileti\u015fime ge\u00e7iniz.<\/p>\n","protected":false},"author":1,"featured_media":0,"parent":159,"menu_order":5,"comment_status":"closed","ping_status":"closed","template":"quality-page-builder-default.php","meta":[],"_links":{"self":[{"href":"https:\/\/www.yoboglu.com\/index.php\/wp-json\/wp\/v2\/pages\/185"}],"collection":[{"href":"https:\/\/www.yoboglu.com\/index.php\/wp-json\/wp\/v2\/pages"}],"about":[{"href":"https:\/\/www.yoboglu.com\/index.php\/wp-json\/wp\/v2\/types\/page"}],"author":[{"embeddable":true,"href":"https:\/\/www.yoboglu.com\/index.php\/wp-json\/wp\/v2\/users\/1"}],"replies":[{"embeddable":true,"href":"https:\/\/www.yoboglu.com\/index.php\/wp-json\/wp\/v2\/comments?post=185"}],"version-history":[{"count":3,"href":"https:\/\/www.yoboglu.com\/index.php\/wp-json\/wp\/v2\/pages\/185\/revisions"}],"predecessor-version":[{"id":210,"href":"https:\/\/www.yoboglu.com\/index.php\/wp-json\/wp\/v2\/pages\/185\/revisions\/210"}],"up":[{"embeddable":true,"href":"https:\/\/www.yoboglu.com\/index.php\/wp-json\/wp\/v2\/pages\/159"}],"wp:attachment":[{"href":"https:\/\/www.yoboglu.com\/index.php\/wp-json\/wp\/v2\/media?parent=185"}],"curies":[{"name":"wp","href":"https:\/\/api.w.org\/{rel}","templated":true}]}}