{"id":218,"date":"2022-04-19T13:31:59","date_gmt":"2022-04-19T13:31:59","guid":{"rendered":"https:\/\/www.yoboglu.com\/?page_id=218"},"modified":"2022-04-19T13:43:13","modified_gmt":"2022-04-19T13:43:13","slug":"referanslar","status":"publish","type":"page","link":"https:\/\/www.yoboglu.com\/index.php\/referanslar\/","title":{"rendered":"Referanslar"},"content":{"rendered":"\n<figure class=\"wp-block-image size-full\"><img loading=\"lazy\" width=\"512\" height=\"136\" src=\"https:\/\/www.yoboglu.com\/wp-content\/uploads\/2021\/11\/HAKKIMIZDA.jpg\" alt=\"\" class=\"wp-image-171\" srcset=\"https:\/\/www.yoboglu.com\/wp-content\/uploads\/2021\/11\/HAKKIMIZDA.jpg 512w, https:\/\/www.yoboglu.com\/wp-content\/uploads\/2021\/11\/HAKKIMIZDA-300x80.jpg 300w\" sizes=\"(max-width: 512px) 100vw, 512px\" \/><\/figure>\n\n\n<p>Yobo\u011flu Software &amp; Consulting\u00a0 Yoobi markas\u0131 ile T\u00fcrkiye&#8217;de yerle\u015fik pek \u00e7ok kurumsal firmaya yaz\u0131l\u0131m uygulama ve y\u00f6netim dan\u0131\u015fmanl\u0131\u011f\u0131 hizmeti vermi\u015ftir ve vermektedir.<\/p>\n<p>M\u00fc\u015fterilerimiz ile yapm\u0131\u015f oldu\u011fumuz gizlilik anla\u015fmalar\u0131 sebebi ile referanslar\u0131m\u0131z\u0131 talep edilmesi durumunda teklif dosyas\u0131 i\u00e7inde g\u00f6ndermekteyiz.<\/p>\n<p>L\u00fctfen <a class=\"link\" href=\"http:\/\/mail.yoboglu.com\/#mail\" data-bind=\"attr: {href: url}\"><span class=\"text\" data-bind=\"text: text\">iletisim@yoboglu.com<\/span><\/a> adresine mail atarak bilgi isteyiniz.<\/p>\n<p><img loading=\"lazy\" class=\"alignnone size-medium wp-image-219\" src=\"https:\/\/www.yoboglu.com\/wp-content\/uploads\/2022\/04\/Yoobi-Consulting-300x164.png\" alt=\"\" width=\"300\" height=\"164\" srcset=\"https:\/\/www.yoboglu.com\/wp-content\/uploads\/2022\/04\/Yoobi-Consulting-300x164.png 300w, https:\/\/www.yoboglu.com\/wp-content\/uploads\/2022\/04\/Yoobi-Consulting-1024x560.png 1024w, https:\/\/www.yoboglu.com\/wp-content\/uploads\/2022\/04\/Yoobi-Consulting-768x420.png 768w, https:\/\/www.yoboglu.com\/wp-content\/uploads\/2022\/04\/Yoobi-Consulting.png 1385w\" sizes=\"(max-width: 300px) 100vw, 300px\" \/><\/p>","protected":false},"excerpt":{"rendered":"<p class=\"qua-blog-post-description\">Yobo\u011flu Software &amp; Consulting\u00a0 Yoobi markas\u0131 ile T\u00fcrkiye&#8217;de yerle\u015fik pek \u00e7ok kurumsal firmaya yaz\u0131l\u0131m uygulama ve y\u00f6netim dan\u0131\u015fmanl\u0131\u011f\u0131 hizmeti vermi\u015ftir ve vermektedir. M\u00fc\u015fterilerimiz ile yapm\u0131\u015f oldu\u011fumuz gizlilik anla\u015fmalar\u0131 sebebi ile referanslar\u0131m\u0131z\u0131 talep edilmesi durumunda teklif dosyas\u0131 i\u00e7inde g\u00f6ndermekteyiz. L\u00fctfen iletisim@yoboglu.com adresine mail atarak bilgi isteyiniz.<\/p>\n","protected":false},"author":1,"featured_media":171,"parent":0,"menu_order":7,"comment_status":"closed","ping_status":"closed","template":"quality-page-builder-default.php","meta":[],"_links":{"self":[{"href":"https:\/\/www.yoboglu.com\/index.php\/wp-json\/wp\/v2\/pages\/218"}],"collection":[{"href":"https:\/\/www.yoboglu.com\/index.php\/wp-json\/wp\/v2\/pages"}],"about":[{"href":"https:\/\/www.yoboglu.com\/index.php\/wp-json\/wp\/v2\/types\/page"}],"author":[{"embeddable":true,"href":"https:\/\/www.yoboglu.com\/index.php\/wp-json\/wp\/v2\/users\/1"}],"replies":[{"embeddable":true,"href":"https:\/\/www.yoboglu.com\/index.php\/wp-json\/wp\/v2\/comments?post=218"}],"version-history":[{"count":4,"href":"https:\/\/www.yoboglu.com\/index.php\/wp-json\/wp\/v2\/pages\/218\/revisions"}],"predecessor-version":[{"id":226,"href":"https:\/\/www.yoboglu.com\/index.php\/wp-json\/wp\/v2\/pages\/218\/revisions\/226"}],"wp:featuredmedia":[{"embeddable":true,"href":"https:\/\/www.yoboglu.com\/index.php\/wp-json\/wp\/v2\/media\/171"}],"wp:attachment":[{"href":"https:\/\/www.yoboglu.com\/index.php\/wp-json\/wp\/v2\/media?parent=218"}],"curies":[{"name":"wp","href":"https:\/\/api.w.org\/{rel}","templated":true}]}}